{"id":1224,"date":"2025-09-16T06:53:42","date_gmt":"2025-09-16T06:53:42","guid":{"rendered":"https:\/\/c-buchanan.com\/services\/campus\/"},"modified":"2025-09-16T06:53:42","modified_gmt":"2025-09-16T06:53:42","slug":"campus","status":"publish","type":"page","link":"https:\/\/c-buchanan.com\/en\/services\/campus\/","title":{"rendered":"Campus"},"content":{"rendered":"\n<div class=\"wp-block-group bloque-introduccion-paginas\"><div class=\"wp-block-group__inner-container is-layout-flow wp-block-group-is-layout-flow\"><div class=\"wp-bootstrap-blocks-container container mb-0\">\n\t\n<div class=\"wp-bootstrap-blocks-row row\">\n\t\n\n<div class=\"col-12 col-sm-12 col-md-5 col-lg-5 col-xl-5\">\n\t\t\t\n\n<h1 class=\"h2 wp-block-heading\">Campus<\/h1>\n\n\n\n<p class=\"subtitulo\">Ofrecemos servicios de formaci\u00f3n en gesti\u00f3n de la movilidad sostenible y capacitaci\u00f3n para el uso del software de simulaci\u00f3n peatonal Legion ajustados a la demanda de nuestros clientes.<\/p>\n\n\t<\/div>\n\n\n\n<div class=\"col-12 col-sm-12 col-md-6 col-lg-6 col-xl-6 offset-md-1 offset-lg-1 offset-xl-1\">\n\t\t\t\n\n<div class=\"wp-block-group partner\"><div class=\"wp-block-group__inner-container is-layout-flow wp-block-group-is-layout-flow\">\n<figure class=\"wp-block-image size-full img-fluid mt-2\"><img loading=\"lazy\" decoding=\"async\" width=\"466\" height=\"196\" src=\"https:\/\/c-buchanan.com\/wp-content\/uploads\/2022\/12\/bentley-institute.png\" alt=\"Logo Bentley Institute\" class=\"wp-image-421\" title=\"Logo Bentley Institute\" srcset=\"https:\/\/c-buchanan.com\/wp-content\/uploads\/2022\/12\/bentley-institute.png 466w, https:\/\/c-buchanan.com\/wp-content\/uploads\/2022\/12\/bentley-institute-300x126.png 300w\" sizes=\"auto, (max-width: 466px) 100vw, 466px\" \/><\/figure>\n\n\n\n<p>As a Bentley Product Trainning Partner, we are qualified to provide certified training in the Legion pedestrian simulation tool.<\/p>\n<\/div><\/div>\n\n\t<\/div>\n\n<\/div>\n\n<\/div>\n<\/div><\/div>\n\n\n\n<div class=\"wp-block-group bloque-proyectos\"><div class=\"wp-block-group__inner-container is-layout-flow wp-block-group-is-layout-flow\"><div class=\"wp-bootstrap-blocks-container container mb-0\">\n\t\n<div class=\"wp-bootstrap-blocks-row row\">\n\t\n\n<div class=\"col-12 col-sm-12 col-md-12 col-lg-12 col-xl-12\">\n\t\t\t\n<div class=\"row\"><div class=\"col-xs-12 co-sm-12 col-md-6 col-lg-6 col-xl-6\">\n\n<article id=\"post-436\" class=\"curso post-436 formacion type-formacion status-publish has-post-thumbnail hentry tipo-talleres\">\n\t<div class=\"img-container\">\n\t\t<a href=\"javascript:void(0);\"><img decoding=\"async\" src=\"https:\/\/c-buchanan.com\/wp-content\/uploads\/2022\/12\/headway-5QgIuuBxKwM-unsplash-1-1.png\" class=\"img-fluid\" title=\"Otros contenidos formativos.\" alt=\"Imagen destacad Otros contenidos formativos.\" \/><\/a>\n\t\t\t<\/div>\n\t<div class=\"noticia-content\">\n\t\t<p class=\"mb-0 destacado categorias verde_2\">\n\t\t\tTalleres\t\t<\/p>\n\t\t<h2 class=\"titularSmall\"><a href=\"javascript:void(0);\">Otros contenidos formativos.<\/a><\/h2>\n\t\t\n\t\t<p>Para hacer frente a todos los tipos de demanda, adaptamos nuestros contenidos formativos para la organizaci\u00f3n de jornadas t\u00e9cnicas, ponencias,...<\/p>\n\n\t\t<p><a href=\"javascript:void(0);\" class=\"cta\">Pr\u00f3ximamente<\/a><\/p>\n\t\t\t\t\n\t<\/div>\n<\/article><!-- #post-## -->\n<\/div><div class=\"col-xs-12 co-sm-12 col-md-6 col-lg-6 col-xl-6\">\n\n<article id=\"post-435\" class=\"curso post-435 formacion type-formacion status-publish has-post-thumbnail hentry tipo-talleres\">\n\t<div class=\"img-container\">\n\t\t<a href=\"javascript:void(0);\"><img decoding=\"async\" src=\"https:\/\/c-buchanan.com\/wp-content\/uploads\/2022\/12\/ryoji-iwata-IBaVuZsJJTo-unsplash.png\" class=\"img-fluid\" title=\"Formaci\u00f3n y capacitaci\u00f3n en simulaci\u00f3n peatonal con LEGION.\" alt=\"Imagen destacad Formaci\u00f3n y capacitaci\u00f3n en simulaci\u00f3n peatonal con LEGION.\" \/><\/a>\n\t\t\t<\/div>\n\t<div class=\"noticia-content\">\n\t\t<p class=\"mb-0 destacado categorias verde_2\">\n\t\t\tTalleres\t\t<\/p>\n\t\t<h2 class=\"titularSmall\"><a href=\"javascript:void(0);\">Formaci\u00f3n y capacitaci\u00f3n en simulaci\u00f3n peatonal con LEGION.<\/a><\/h2>\n\t\t\n\t\t<p>Los gemelos digitales son una de las m\u00e1s novedosas herramientas para la gesti\u00f3n de la movilidad sostenible. Por ello, formamos...<\/p>\n\n\t\t<p><a href=\"javascript:void(0);\" class=\"cta\">Pr\u00f3ximamente<\/a><\/p>\n\t\t\t\t\n\t<\/div>\n<\/article><!-- #post-## -->\n<\/div><div class=\"col-xs-12 co-sm-12 col-md-6 col-lg-6 col-xl-6\">\n\n<article id=\"post-433\" class=\"curso post-433 formacion type-formacion status-publish has-post-thumbnail hentry tipo-cursos\">\n\t<div class=\"img-container\">\n\t\t<a href=\"javascript:void(0);\"><img decoding=\"async\" src=\"https:\/\/c-buchanan.com\/wp-content\/uploads\/2022\/12\/m-r-csC6CfiYKF0-unsplash.png\" class=\"img-fluid\" title=\"Cursos personalizados sobre gesti\u00f3n de la movilidad sostenible.\" alt=\"Imagen destacad Cursos personalizados sobre gesti\u00f3n de la movilidad sostenible.\" \/><\/a>\n\t\t\t<\/div>\n\t<div class=\"noticia-content\">\n\t\t<p class=\"mb-0 destacado categorias verde_2\">\n\t\t\tCursos\t\t<\/p>\n\t\t<h2 class=\"titularSmall\"><a href=\"javascript:void(0);\">Cursos personalizados sobre gesti\u00f3n de la movilidad sostenible.<\/a><\/h2>\n\t\t\n\t\t<p>Conscientes del reto que supone estar a la vanguardia de la movilidad sostenible, ofrecemos servicios formativos a demanda para profesionales...<\/p>\n\n\t\t<p><a href=\"javascript:void(0);\" class=\"cta\">Pr\u00f3ximamente<\/a><\/p>\n\t\t\t\t\n\t<\/div>\n<\/article><!-- #post-## -->\n<\/div><div class=\"col-xs-12 co-sm-12 col-md-6 col-lg-6 col-xl-6\">\n\n<article id=\"post-431\" class=\"curso post-431 formacion type-formacion status-publish has-post-thumbnail hentry tipo-master\">\n\t<div class=\"img-container\">\n\t\t<a href=\"javascript:void(0);\"><img decoding=\"async\" src=\"https:\/\/c-buchanan.com\/wp-content\/uploads\/2022\/12\/iStock-829193862.png\" class=\"img-fluid\" title=\"M\u00e1ster en Movilidad Inteligente. Smart Mobility.\" alt=\"Imagen destacad M\u00e1ster en Movilidad Inteligente. Smart Mobility.\" \/><\/a>\n\t\t\t<\/div>\n\t<div class=\"noticia-content\">\n\t\t<p class=\"mb-0 destacado categorias verde_2\">\n\t\t\tM\u00e1ster\t\t<\/p>\n\t\t<h2 class=\"titularSmall\"><a href=\"javascript:void(0);\">M\u00e1ster en Movilidad Inteligente. Smart Mobility.<\/a><\/h2>\n\t\t\n\t\t<p>La movilidad inteligente es un elemento fundamental para la configuraci\u00f3n de las ciudades del futuro, esta situaci\u00f3n va a generar...<\/p>\n\n\t\t<p><a href=\"javascript:void(0);\" class=\"cta\">Pr\u00f3ximamente<\/a><\/p>\n\t\t\t\t\n\t<\/div>\n<\/article><!-- #post-## -->\n<\/div><\/div>\n\n\t<\/div>\n\n<\/div>\n\n<\/div>\n<\/div><\/div>\n","protected":false},"excerpt":{"rendered":"","protected":false},"author":2,"featured_media":0,"parent":907,"menu_order":0,"comment_status":"closed","ping_status":"closed","template":"page-templates\/content-full-width.php","meta":{"inline_featured_image":false,"footnotes":""},"class_list":["post-1224","page","type-page","status-publish","hentry"],"yoast_head":"<!-- This site is optimized with the Yoast SEO plugin v19.7.2 - https:\/\/yoast.com\/wordpress\/plugins\/seo\/ -->\n<title>Campus - Colin Buchanan Consultores<\/title>\n<meta name=\"robots\" content=\"index, follow, max-snippet:-1, max-image-preview:large, max-video-preview:-1\" \/>\n<link rel=\"canonical\" href=\"https:\/\/c-buchanan.com\/en\/services\/campus\/\" \/>\n<meta property=\"og:locale\" content=\"en_US\" \/>\n<meta property=\"og:type\" content=\"article\" \/>\n<meta property=\"og:title\" content=\"Campus - Colin Buchanan Consultores\" \/>\n<meta property=\"og:url\" content=\"https:\/\/c-buchanan.com\/en\/services\/campus\/\" \/>\n<meta property=\"og:site_name\" content=\"Colin Buchanan Consultores\" \/>\n<meta property=\"og:image\" content=\"https:\/\/c-buchanan.com\/wp-content\/uploads\/2022\/12\/bentley-institute.png\" \/>\n<meta name=\"twitter:card\" content=\"summary_large_image\" \/>\n<meta name=\"twitter:site\" content=\"@buchananconsult\" \/>\n<meta name=\"twitter:label1\" content=\"Est. reading time\" \/>\n\t<meta name=\"twitter:data1\" content=\"1 minute\" \/>\n<script type=\"application\/ld+json\" class=\"yoast-schema-graph\">{\"@context\":\"https:\/\/schema.org\",\"@graph\":[{\"@type\":\"WebPage\",\"@id\":\"https:\/\/c-buchanan.com\/en\/services\/campus\/\",\"url\":\"https:\/\/c-buchanan.com\/en\/services\/campus\/\",\"name\":\"Campus - Colin Buchanan Consultores\",\"isPartOf\":{\"@id\":\"https:\/\/c-buchanan.com\/en\/#website\"},\"datePublished\":\"2025-09-16T06:53:42+00:00\",\"dateModified\":\"2025-09-16T06:53:42+00:00\",\"breadcrumb\":{\"@id\":\"https:\/\/c-buchanan.com\/en\/services\/campus\/#breadcrumb\"},\"inLanguage\":\"en-US\",\"potentialAction\":[{\"@type\":\"ReadAction\",\"target\":[\"https:\/\/c-buchanan.com\/en\/services\/campus\/\"]}]},{\"@type\":\"BreadcrumbList\",\"@id\":\"https:\/\/c-buchanan.com\/en\/services\/campus\/#breadcrumb\",\"itemListElement\":[{\"@type\":\"ListItem\",\"position\":1,\"name\":\"Portada\",\"item\":\"https:\/\/c-buchanan.com\/en\/\"},{\"@type\":\"ListItem\",\"position\":2,\"name\":\"Services\",\"item\":\"https:\/\/c-buchanan.com\/en\/services\/\"},{\"@type\":\"ListItem\",\"position\":3,\"name\":\"Campus\"}]},{\"@type\":\"WebSite\",\"@id\":\"https:\/\/c-buchanan.com\/en\/#website\",\"url\":\"https:\/\/c-buchanan.com\/en\/\",\"name\":\"Colin Buchanan Consultores\",\"description\":\"Movilidad centrada en las personas\",\"publisher\":{\"@id\":\"https:\/\/c-buchanan.com\/en\/#organization\"},\"potentialAction\":[{\"@type\":\"SearchAction\",\"target\":{\"@type\":\"EntryPoint\",\"urlTemplate\":\"https:\/\/c-buchanan.com\/en\/?s={search_term_string}\"},\"query-input\":\"required name=search_term_string\"}],\"inLanguage\":\"en-US\"},{\"@type\":\"Organization\",\"@id\":\"https:\/\/c-buchanan.com\/en\/#organization\",\"name\":\"Colin Buchanan Consultores\",\"url\":\"https:\/\/c-buchanan.com\/en\/\",\"sameAs\":[\"https:\/\/www.instagram.com\/buchananconsult\/\",\"https:\/\/www.linkedin.com\/company\/buchanan-consultores\/\",\"https:\/\/twitter.com\/buchananconsult\"],\"logo\":{\"@type\":\"ImageObject\",\"inLanguage\":\"en-US\",\"@id\":\"https:\/\/c-buchanan.com\/en\/#\/schema\/logo\/image\/\",\"url\":\"https:\/\/c-buchanan.com\/wp-content\/uploads\/2023\/02\/logo-buchanan.png\",\"contentUrl\":\"https:\/\/c-buchanan.com\/wp-content\/uploads\/2023\/02\/logo-buchanan.png\",\"width\":221,\"height\":46,\"caption\":\"Colin Buchanan Consultores\"},\"image\":{\"@id\":\"https:\/\/c-buchanan.com\/en\/#\/schema\/logo\/image\/\"}}]}<\/script>\n<!-- \/ Yoast SEO plugin. -->","yoast_head_json":{"title":"Campus - Colin Buchanan Consultores","robots":{"index":"index","follow":"follow","max-snippet":"max-snippet:-1","max-image-preview":"max-image-preview:large","max-video-preview":"max-video-preview:-1"},"canonical":"https:\/\/c-buchanan.com\/en\/services\/campus\/","og_locale":"en_US","og_type":"article","og_title":"Campus - Colin Buchanan Consultores","og_url":"https:\/\/c-buchanan.com\/en\/services\/campus\/","og_site_name":"Colin Buchanan Consultores","og_image":[{"url":"https:\/\/c-buchanan.com\/wp-content\/uploads\/2022\/12\/bentley-institute.png"}],"twitter_card":"summary_large_image","twitter_site":"@buchananconsult","twitter_misc":{"Est. reading time":"1 minute"},"schema":{"@context":"https:\/\/schema.org","@graph":[{"@type":"WebPage","@id":"https:\/\/c-buchanan.com\/en\/services\/campus\/","url":"https:\/\/c-buchanan.com\/en\/services\/campus\/","name":"Campus - Colin Buchanan Consultores","isPartOf":{"@id":"https:\/\/c-buchanan.com\/en\/#website"},"datePublished":"2025-09-16T06:53:42+00:00","dateModified":"2025-09-16T06:53:42+00:00","breadcrumb":{"@id":"https:\/\/c-buchanan.com\/en\/services\/campus\/#breadcrumb"},"inLanguage":"en-US","potentialAction":[{"@type":"ReadAction","target":["https:\/\/c-buchanan.com\/en\/services\/campus\/"]}]},{"@type":"BreadcrumbList","@id":"https:\/\/c-buchanan.com\/en\/services\/campus\/#breadcrumb","itemListElement":[{"@type":"ListItem","position":1,"name":"Portada","item":"https:\/\/c-buchanan.com\/en\/"},{"@type":"ListItem","position":2,"name":"Services","item":"https:\/\/c-buchanan.com\/en\/services\/"},{"@type":"ListItem","position":3,"name":"Campus"}]},{"@type":"WebSite","@id":"https:\/\/c-buchanan.com\/en\/#website","url":"https:\/\/c-buchanan.com\/en\/","name":"Colin Buchanan Consultores","description":"Movilidad centrada en las personas","publisher":{"@id":"https:\/\/c-buchanan.com\/en\/#organization"},"potentialAction":[{"@type":"SearchAction","target":{"@type":"EntryPoint","urlTemplate":"https:\/\/c-buchanan.com\/en\/?s={search_term_string}"},"query-input":"required name=search_term_string"}],"inLanguage":"en-US"},{"@type":"Organization","@id":"https:\/\/c-buchanan.com\/en\/#organization","name":"Colin Buchanan Consultores","url":"https:\/\/c-buchanan.com\/en\/","sameAs":["https:\/\/www.instagram.com\/buchananconsult\/","https:\/\/www.linkedin.com\/company\/buchanan-consultores\/","https:\/\/twitter.com\/buchananconsult"],"logo":{"@type":"ImageObject","inLanguage":"en-US","@id":"https:\/\/c-buchanan.com\/en\/#\/schema\/logo\/image\/","url":"https:\/\/c-buchanan.com\/wp-content\/uploads\/2023\/02\/logo-buchanan.png","contentUrl":"https:\/\/c-buchanan.com\/wp-content\/uploads\/2023\/02\/logo-buchanan.png","width":221,"height":46,"caption":"Colin Buchanan Consultores"},"image":{"@id":"https:\/\/c-buchanan.com\/en\/#\/schema\/logo\/image\/"}}]}},"_links":{"self":[{"href":"https:\/\/c-buchanan.com\/en\/wp-json\/wp\/v2\/pages\/1224","targetHints":{"allow":["GET"]}}],"collection":[{"href":"https:\/\/c-buchanan.com\/en\/wp-json\/wp\/v2\/pages"}],"about":[{"href":"https:\/\/c-buchanan.com\/en\/wp-json\/wp\/v2\/types\/page"}],"author":[{"embeddable":true,"href":"https:\/\/c-buchanan.com\/en\/wp-json\/wp\/v2\/users\/2"}],"replies":[{"embeddable":true,"href":"https:\/\/c-buchanan.com\/en\/wp-json\/wp\/v2\/comments?post=1224"}],"version-history":[{"count":0,"href":"https:\/\/c-buchanan.com\/en\/wp-json\/wp\/v2\/pages\/1224\/revisions"}],"up":[{"embeddable":true,"href":"https:\/\/c-buchanan.com\/en\/wp-json\/wp\/v2\/pages\/907"}],"wp:attachment":[{"href":"https:\/\/c-buchanan.com\/en\/wp-json\/wp\/v2\/media?parent=1224"}],"curies":[{"name":"wp","href":"https:\/\/api.w.org\/{rel}","templated":true}]}}