{"id":951,"date":"2022-10-10T09:01:05","date_gmt":"2022-10-10T09:01:05","guid":{"rendered":"https:\/\/c-buchanan.com\/?page_id=951"},"modified":"2023-02-09T09:56:17","modified_gmt":"2023-02-09T09:56:17","slug":"terms-and-conditions","status":"publish","type":"page","link":"https:\/\/c-buchanan.com\/en\/terms-and-conditions\/","title":{"rendered":"Terms and conditions"},"content":{"rendered":"<div class=\"wp-bootstrap-blocks-container container mb-2\">\n\t\n<div class=\"wp-bootstrap-blocks-row row\">\n\t\n\n<div class=\"col-12 col-sm-12 col-md-8 col-lg-8 col-xl-8\">\n\t\t\t\n\n<h1 class=\"h2 wp-block-heading\">Terms and conditions<\/h1>\n\n\n\n<p><strong>Tratamiento de datos por Colin Buchanan Consultores, S.A.<\/strong><\/p>\n\n\n\n<ul class=\"wp-block-list\">\n<li>Su denominaci\u00f3n social es: COLIN BUCHANAN CONSULTORES, S.A.<\/li>\n\n\n\n<li>Su domicilio social est\u00e1: C\/ Miguel Yuste 12, 3o B, 28037 Madrid.<\/li>\n\n\n\n<li>Su actividad social es: Consultor\u00eda e Ingenier\u00eda de Planificaci\u00f3n del Transporte y la Movilidad.<\/li>\n\n\n\n<li>Correo electr\u00f3nico: info@c-buchanan.com<\/li>\n\n\n\n<li>Finalidad de la p\u00e1gina web: informaci\u00f3n de servicios.<\/li>\n\n\n\n<li>P\u00e1ginas de NOMBRE DE EMPRESA: http:\/\/www.c-buchanan.com Le informamos que los datos personales que Usted nos facilite en el marco de nuestra relaci\u00f3n contractual ser\u00e1n tratados por Colin Buchanan Consultores, S.A., C\/ Miguel Yuste 12, 3o B, 28037 Madrid, con las finalidades descritas a continuaci\u00f3n. Salvo que expresamente se indique lo contrario en el momento de recabarlos, todos los datos personales que se recojan son de obligada aportaci\u00f3n al ser elementos necesarios para la gesti\u00f3n, mantenimiento y control de nuestra relaci\u00f3n contractual. La no facilitaci\u00f3n de aqu\u00e9llos llevar\u00e1 aparejada la imposibilidad de tramitar su solicitud, prestarle el servicio contratado o en definitiva llevar a t\u00e9rmino nuestra relaci\u00f3n contractual. Los datos personales se recabar\u00e1n exclusivamente para las finalidades indicadas en la presente Pol\u00edtica de Privacidad. Usted confirma y garantiza la veracidad y exactitud de los datos aportados, y que \u00e9stos se ajustan a su estado actual. En este sentido, Usted se compromete a comunicar cualquier modificaci\u00f3n que se produjera en los mismos. <strong>Finalidades de tratamiento<\/strong> A continuaci\u00f3n, se le informa de que sus datos ser\u00e1n tratados por COLIN BUCHANAN CONSULTORES, S.A. con las siguientes finalidades:\n<ul class=\"wp-block-list\">\n<li>En base a la relaci\u00f3n contractual:<br>o Gestionar,mantenerycontrolardeunadelacontrataci\u00f3ndelosservicios de la empresa manera efectiva la relaci\u00f3n derivada.<\/li>\n\n\n\n<li>En base a una obligaci\u00f3n legal:<\/li>\n<\/ul>\n<\/li>\n<\/ul>\n\n\n\n<p>o Realizar las gestiones y comprobaciones oportunas para cumplir con la<\/p>\n\n\n\n<p>normativa legal que pudiera resultar de aplicaci\u00f3n.<br>o Comunicar sus datos a las Autoridades, reguladores u \u00f3rganos<\/p>\n\n\n\n<p>gubernamentales o jurisdiccionales en aquellos supuestos en que es necesario hacerlo por ley, normativa local o en el cumplimiento de obligaciones regulatorias.<\/p>\n\n\n\n<p>\u2022 En base al inter\u00e9s leg\u00edtimo de COLIN BUCHANAN CONSULTORES, S.A.:<br>o Acciones comerciales por cualquier medio destinados a ofrecerle<\/p>\n\n\n\n<p>servicios similares a los contratados.<br>o Enbasealconsentimientoexpl\u00edcitootorgadoporUsted.<br>o Acciones comerciales por cualquier medio de servicios propios de COLIN<\/p>\n\n\n\n<p>BUCHANAN CONSULTORES, S.A. iguales o distintos a los contratados, incluso una vez concluida la relaci\u00f3n contractual.<\/p>\n\n\n\n<p><strong>Destinatarios<\/strong><\/p>\n\n\n\n<p>COLIN BUCHANAN CONSULTORES, S.A. podr\u00e1 comunicar sus datos personales a las siguientes entidades:<\/p>\n\n\n\n<ul class=\"wp-block-list\">\n<li>Autoridades, reguladores u \u00f3rganos gubernamentales o jurisdiccionales en aquellos supuestos en que es necesario hacerlo por ley, normativa local o en el cumplimiento de obligaciones regulatorias.<\/li>\n\n\n\n<li>Terceras entidades con las finalidades de Inter\u00e9s Leg\u00edtimo.<\/li>\n\n\n\n<li>Al margen de las anteriores comunicaciones de datos, COLIN BUCHANAN CONSULTORES, S.A. cuenta con la colaboraci\u00f3n de algunos terceros proveedores de servicios que tienen acceso a sus datos personales y que tratan los referidos datos en nombre y por cuenta de la Sociedad como consecuencia de una prestaci\u00f3n de servicios. COLIN BUCHANAN CONSULTORES, S.A. sigue unos criterios estrictos de selecci\u00f3n de proveedores de servicios con el fin de dar cumplimiento a sus obligaciones en materia de protecci\u00f3n de datos y se compromete a suscribir con ellos el correspondiente contrato de tratamiento de datos mediante el que les impondr\u00e1, entre otras, las siguientes obligaciones: aplicar medidas t\u00e9cnicas y organizativas apropiadas, tratar los datos personales para las finalidades pactadas y atendiendo \u00fanicamente a las instrucciones documentadas, y suprimir o devolver los datos una vez finalice la prestaci\u00f3n de los servicios. En concreto, COLIN BUCHANAN CONSULTORES, S.A. podr\u00e1 contratar la prestaci\u00f3n de servicios por parte de terceros proveedores que desempe\u00f1an su actividad, a t\u00edtulo enunciativo y no limitativo, en los siguientes sectores: servicios de log\u00edstica, asesoramiento jur\u00eddico, homologaci\u00f3n de proveedores, empresas de servicios profesionales, empresas relacionadas con el mantenimiento, empresas proveedoras de servicios tecnol\u00f3gicos, empresas proveedoras de servicios inform\u00e1ticos, empresas de seguridad f\u00edsica, prestadores de servicios de mensajer\u00eda instant\u00e1nea y empresas de servicios de centro de llamadas.<\/li>\n<\/ul>\n\n\t<\/div>\n\n<\/div>\n\n<\/div>\n","protected":false},"excerpt":{"rendered":"","protected":false},"author":1,"featured_media":0,"parent":0,"menu_order":0,"comment_status":"closed","ping_status":"closed","template":"page-templates\/content-full-width.php","meta":{"inline_featured_image":false,"footnotes":""},"class_list":["post-951","page","type-page","status-publish","hentry"],"yoast_head":"<!-- This site is optimized with the Yoast SEO plugin v19.7.2 - https:\/\/yoast.com\/wordpress\/plugins\/seo\/ -->\n<title>Terms and conditions - Colin Buchanan Consultores<\/title>\n<meta name=\"robots\" content=\"index, follow, max-snippet:-1, max-image-preview:large, max-video-preview:-1\" \/>\n<link rel=\"canonical\" href=\"https:\/\/c-buchanan.com\/en\/terms-and-conditions\/\" \/>\n<meta property=\"og:locale\" content=\"en_US\" \/>\n<meta property=\"og:type\" content=\"article\" \/>\n<meta property=\"og:title\" content=\"Terms and conditions - Colin Buchanan Consultores\" \/>\n<meta property=\"og:url\" content=\"https:\/\/c-buchanan.com\/en\/terms-and-conditions\/\" \/>\n<meta property=\"og:site_name\" content=\"Colin Buchanan Consultores\" \/>\n<meta property=\"article:modified_time\" content=\"2023-02-09T09:56:17+00:00\" \/>\n<meta name=\"twitter:card\" content=\"summary_large_image\" \/>\n<meta name=\"twitter:site\" content=\"@buchananconsult\" \/>\n<meta name=\"twitter:label1\" content=\"Est. reading time\" \/>\n\t<meta name=\"twitter:data1\" content=\"3 minutes\" \/>\n<script type=\"application\/ld+json\" class=\"yoast-schema-graph\">{\"@context\":\"https:\/\/schema.org\",\"@graph\":[{\"@type\":\"WebPage\",\"@id\":\"https:\/\/c-buchanan.com\/en\/terms-and-conditions\/\",\"url\":\"https:\/\/c-buchanan.com\/en\/terms-and-conditions\/\",\"name\":\"Terms and conditions - Colin Buchanan Consultores\",\"isPartOf\":{\"@id\":\"https:\/\/c-buchanan.com\/en\/#website\"},\"datePublished\":\"2022-10-10T09:01:05+00:00\",\"dateModified\":\"2023-02-09T09:56:17+00:00\",\"breadcrumb\":{\"@id\":\"https:\/\/c-buchanan.com\/en\/terms-and-conditions\/#breadcrumb\"},\"inLanguage\":\"en-US\",\"potentialAction\":[{\"@type\":\"ReadAction\",\"target\":[\"https:\/\/c-buchanan.com\/en\/terms-and-conditions\/\"]}]},{\"@type\":\"BreadcrumbList\",\"@id\":\"https:\/\/c-buchanan.com\/en\/terms-and-conditions\/#breadcrumb\",\"itemListElement\":[{\"@type\":\"ListItem\",\"position\":1,\"name\":\"Portada\",\"item\":\"https:\/\/c-buchanan.com\/en\/\"},{\"@type\":\"ListItem\",\"position\":2,\"name\":\"Terms and conditions\"}]},{\"@type\":\"WebSite\",\"@id\":\"https:\/\/c-buchanan.com\/en\/#website\",\"url\":\"https:\/\/c-buchanan.com\/en\/\",\"name\":\"Colin Buchanan Consultores\",\"description\":\"Movilidad centrada en las personas\",\"publisher\":{\"@id\":\"https:\/\/c-buchanan.com\/en\/#organization\"},\"potentialAction\":[{\"@type\":\"SearchAction\",\"target\":{\"@type\":\"EntryPoint\",\"urlTemplate\":\"https:\/\/c-buchanan.com\/en\/?s={search_term_string}\"},\"query-input\":\"required name=search_term_string\"}],\"inLanguage\":\"en-US\"},{\"@type\":\"Organization\",\"@id\":\"https:\/\/c-buchanan.com\/en\/#organization\",\"name\":\"Colin Buchanan Consultores\",\"url\":\"https:\/\/c-buchanan.com\/en\/\",\"sameAs\":[\"https:\/\/www.instagram.com\/buchananconsult\/\",\"https:\/\/www.linkedin.com\/company\/buchanan-consultores\/\",\"https:\/\/twitter.com\/buchananconsult\"],\"logo\":{\"@type\":\"ImageObject\",\"inLanguage\":\"en-US\",\"@id\":\"https:\/\/c-buchanan.com\/en\/#\/schema\/logo\/image\/\",\"url\":\"https:\/\/c-buchanan.com\/wp-content\/uploads\/2023\/02\/logo-buchanan.png\",\"contentUrl\":\"https:\/\/c-buchanan.com\/wp-content\/uploads\/2023\/02\/logo-buchanan.png\",\"width\":221,\"height\":46,\"caption\":\"Colin Buchanan Consultores\"},\"image\":{\"@id\":\"https:\/\/c-buchanan.com\/en\/#\/schema\/logo\/image\/\"}}]}<\/script>\n<!-- \/ Yoast SEO plugin. -->","yoast_head_json":{"title":"Terms and conditions - Colin Buchanan Consultores","robots":{"index":"index","follow":"follow","max-snippet":"max-snippet:-1","max-image-preview":"max-image-preview:large","max-video-preview":"max-video-preview:-1"},"canonical":"https:\/\/c-buchanan.com\/en\/terms-and-conditions\/","og_locale":"en_US","og_type":"article","og_title":"Terms and conditions - Colin Buchanan Consultores","og_url":"https:\/\/c-buchanan.com\/en\/terms-and-conditions\/","og_site_name":"Colin Buchanan Consultores","article_modified_time":"2023-02-09T09:56:17+00:00","twitter_card":"summary_large_image","twitter_site":"@buchananconsult","twitter_misc":{"Est. reading time":"3 minutes"},"schema":{"@context":"https:\/\/schema.org","@graph":[{"@type":"WebPage","@id":"https:\/\/c-buchanan.com\/en\/terms-and-conditions\/","url":"https:\/\/c-buchanan.com\/en\/terms-and-conditions\/","name":"Terms and conditions - Colin Buchanan Consultores","isPartOf":{"@id":"https:\/\/c-buchanan.com\/en\/#website"},"datePublished":"2022-10-10T09:01:05+00:00","dateModified":"2023-02-09T09:56:17+00:00","breadcrumb":{"@id":"https:\/\/c-buchanan.com\/en\/terms-and-conditions\/#breadcrumb"},"inLanguage":"en-US","potentialAction":[{"@type":"ReadAction","target":["https:\/\/c-buchanan.com\/en\/terms-and-conditions\/"]}]},{"@type":"BreadcrumbList","@id":"https:\/\/c-buchanan.com\/en\/terms-and-conditions\/#breadcrumb","itemListElement":[{"@type":"ListItem","position":1,"name":"Portada","item":"https:\/\/c-buchanan.com\/en\/"},{"@type":"ListItem","position":2,"name":"Terms and conditions"}]},{"@type":"WebSite","@id":"https:\/\/c-buchanan.com\/en\/#website","url":"https:\/\/c-buchanan.com\/en\/","name":"Colin Buchanan Consultores","description":"Movilidad centrada en las personas","publisher":{"@id":"https:\/\/c-buchanan.com\/en\/#organization"},"potentialAction":[{"@type":"SearchAction","target":{"@type":"EntryPoint","urlTemplate":"https:\/\/c-buchanan.com\/en\/?s={search_term_string}"},"query-input":"required name=search_term_string"}],"inLanguage":"en-US"},{"@type":"Organization","@id":"https:\/\/c-buchanan.com\/en\/#organization","name":"Colin Buchanan Consultores","url":"https:\/\/c-buchanan.com\/en\/","sameAs":["https:\/\/www.instagram.com\/buchananconsult\/","https:\/\/www.linkedin.com\/company\/buchanan-consultores\/","https:\/\/twitter.com\/buchananconsult"],"logo":{"@type":"ImageObject","inLanguage":"en-US","@id":"https:\/\/c-buchanan.com\/en\/#\/schema\/logo\/image\/","url":"https:\/\/c-buchanan.com\/wp-content\/uploads\/2023\/02\/logo-buchanan.png","contentUrl":"https:\/\/c-buchanan.com\/wp-content\/uploads\/2023\/02\/logo-buchanan.png","width":221,"height":46,"caption":"Colin Buchanan Consultores"},"image":{"@id":"https:\/\/c-buchanan.com\/en\/#\/schema\/logo\/image\/"}}]}},"_links":{"self":[{"href":"https:\/\/c-buchanan.com\/en\/wp-json\/wp\/v2\/pages\/951","targetHints":{"allow":["GET"]}}],"collection":[{"href":"https:\/\/c-buchanan.com\/en\/wp-json\/wp\/v2\/pages"}],"about":[{"href":"https:\/\/c-buchanan.com\/en\/wp-json\/wp\/v2\/types\/page"}],"author":[{"embeddable":true,"href":"https:\/\/c-buchanan.com\/en\/wp-json\/wp\/v2\/users\/1"}],"replies":[{"embeddable":true,"href":"https:\/\/c-buchanan.com\/en\/wp-json\/wp\/v2\/comments?post=951"}],"version-history":[{"count":5,"href":"https:\/\/c-buchanan.com\/en\/wp-json\/wp\/v2\/pages\/951\/revisions"}],"predecessor-version":[{"id":1054,"href":"https:\/\/c-buchanan.com\/en\/wp-json\/wp\/v2\/pages\/951\/revisions\/1054"}],"wp:attachment":[{"href":"https:\/\/c-buchanan.com\/en\/wp-json\/wp\/v2\/media?parent=951"}],"curies":[{"name":"wp","href":"https:\/\/api.w.org\/{rel}","templated":true}]}}