{"id":952,"date":"2022-10-10T09:00:59","date_gmt":"2022-10-10T09:00:59","guid":{"rendered":"https:\/\/c-buchanan.com\/?page_id=952"},"modified":"2023-02-09T09:59:46","modified_gmt":"2023-02-09T09:59:46","slug":"cookies-policy","status":"publish","type":"page","link":"https:\/\/c-buchanan.com\/en\/cookies-policy\/","title":{"rendered":"Cookies policy"},"content":{"rendered":"<div class=\"wp-bootstrap-blocks-container container mb-2\">\n\t\n<div class=\"wp-bootstrap-blocks-row row\">\n\t\n\n<div class=\"col-12 col-sm-12 col-md-8 col-lg-8 col-xl-8\">\n\t\t\t\n\n<h1 class=\"h2 wp-block-heading\">Cookies Policy<\/h1>\n\n\n\n<p>Una cookie es un fichero <strong>inofensivo <\/strong>que se descarga en tu ordenador al acceder a determinadas p\u00e1ginas web. Las cookies permiten a una p\u00e1gina web, entre otras cosas, almacenar y recuperar informaci\u00f3n sobre los h\u00e1bitos de navegaci\u00f3n de un usuario o de su equipo y, dependiendo de la informaci\u00f3n que contengan y de la forma en que utilice su equipo.<\/p>\n\n\n\n<p>As\u00ed, hay cookies que obtienen informaci\u00f3n relacionada con el n\u00famero de p\u00e1ginas visitadas, la ciudad a la que est\u00e1 asignada la direcci\u00f3n IP desde la que se accede, el n\u00famero de nuevos usuarios, la frecuencia y reincidencia de las visitas, el tiempo de visita, el navegador, el operador o el tipo de terminal desde el que se realiza la visita. No es un virus, ni un troyano, ni un gusano, ni spam, ni spyware, ni abre ventanas pop-up.<\/p>\n\n\n\n<p>Las <em>cookies <\/em>no suelen almacenar informaci\u00f3n sensible sobre ti, como tarjetas de cr\u00e9dito o datos bancarios, fotograf\u00edas, tu DNI o informaci\u00f3n personal, etc. Los datos que guardan son de car\u00e1cter t\u00e9cnico, preferencias personales, personalizaci\u00f3n de contenidos, etc.<br>El servidor web no te asocia como persona si no a tu navegador web. De hecho, si navegas habitualmente con Internet Explorer y pruebas a navegar por la misma web con Firefox o Chrome ver\u00e1s que la web no se da cuenta que eres la misma persona porque en realidad est\u00e1 asociando al navegador, no a la persona.<\/p>\n\n\n\n<p>Para que entiendas el alcance que puede tener desactivar las <em>cookies <\/em>te mostramos unos ejemplos:<\/p>\n\n\n\n<ul class=\"wp-block-list\">\n<li>No podr\u00e1s compartir contenidos de esa web en Facebook, Twitter o cualquier otra red social.<\/li>\n\n\n\n<li>El sitio web no podr\u00e1 adaptar los contenidos a tus preferencias personales, como suele ocurrir en las tiendas online.<\/li>\n\n\n\n<li>No ser\u00e1 posible personalizar tus preferencias geogr\u00e1ficas como franja horaria, divisa o idioma.<\/li>\n\n\n\n<li>Todas las redes sociales usan <em>cookies<\/em>, si las desactivas no podr\u00e1s utilizar ninguna red social. Tipos de cookies seg\u00fan la entidad que gestione el equipo o dominio desde donde se env\u00edan las cookies y trate los datos que se obtengan, podemos distinguir:<\/li>\n<\/ul>\n\n\n\n<p>\u2022 Cookies propias: Son aqu\u00e9llas que se env\u00edan al equipo terminal del usuario desde un equipo o dominio gestionado por el propio editor y desde el que se presta el servicio solicitado por el usuario.<\/p>\n\n\n\n<p>\u2022 Cookies de terceros: Son aqu\u00e9llas que se env\u00edan al equipo terminal del usuario desde un equipo o dominio que no es gestionado por el editor, sino por otra entidad que trata los datos obtenidos trav\u00e9s de las cookies.<\/p>\n\n\n\n<p>En el caso de que las cookies sean instaladas desde un equipo o dominio gestionado por el propio editor, pero la informaci\u00f3n que se recoja mediante \u00e9stas sea gestionada por un tercero, no pueden ser consideradas como cookies propias.<\/p>\n\n\n\n<p>Google, como proveedor asociado, utiliza cookies para publicar anuncios en COLIN BUCHANAN CONSULTORES, S.A.<\/p>\n\n\n\n<p>Puedes inhabilitar el uso de la cookie de DART del sistema de anuncios de Google accediendo al centro de privacidad de Google<\/p>\n\n\n\n<p>Adem\u00e1s, los navegadores pueden tambi\u00e9n permitir a los usuarios ver y borrar <em>cookies <\/em>individualmente.<br>Dispones de m\u00e1s informaci\u00f3n sobre las <em>Cookies <\/em>en: Wikipedia<\/p>\n\n\n\n<p><strong>Web <\/strong><strong><em>Beacons<\/em><\/strong><\/p>\n\n\n\n<p>Este sitio puede albergar tambi\u00e9n <em>web beacons <\/em>(tambi\u00e9n conocidos como <em>web bugs<\/em>). Los <em>web beacons <\/em>suelen ser peque\u00f1as im\u00e1genes de un pixel por un pixel, visibles o invisibles colocados dentro del c\u00f3digo fuente de las p\u00e1ginas web de un sitio. Los <em>web beacons <\/em>sirven y se utilizan de una forma similar a las <em>cookies<\/em>. Adem\u00e1s, los <em>web beacons <\/em>suelen utilizarse para medir el tr\u00e1fico de usuarios que visitan una p\u00e1gina web y poder sacar un patr\u00f3n de los usuarios de un sitio.<\/p>\n\n\n\n<p>Dispones de m\u00e1s informaci\u00f3n sobre los <em>web beacons <\/em>en: Wikipedia<br>En algunos casos, compartimos informaci\u00f3n sobre los visitantes de este sitio de forma an\u00f3nima o agregada con terceros como puedan ser anunciantes, patrocinadores o auditores con el \u00fanico fin de mejorar nuestros servicios. Todas estas tareas de procesamiento ser\u00e1n reguladas seg\u00fan las normas legales y se respetar\u00e1n todos sus derechos en materia de protecci\u00f3n de datos conforme a la regulaci\u00f3n vigente.<\/p>\n\n\n\n<p>Este sitio mide el tr\u00e1fico con diferentes soluciones que pueden utilizar <em>cookies <\/em>o <em>web beacons <\/em>para analizar lo que sucede en nuestras p\u00e1ginas. Actualmente utilizamos las siguientes soluciones para la medici\u00f3n del tr\u00e1fico de este sitio. Puede ver m\u00e1s informaci\u00f3n sobre la pol\u00edtica de privacidad de cada una de las soluciones utilizadas para tal efecto:<\/p>\n\n\n\n<p>C\u00f3mo usa Google los datos que recopila en los sitios web<br>Google (Analytics): Pol\u00edtica de Privacidad de Google Analytics (<em>si lo deseas puedes inhabilitar el seguimiento de Google Analytics mediante <\/em>este complemente para el navegador ofrecido por Google).<\/p>\n\n\n\n<p>Este sitio tambi\u00e9n puede albergar publicidad propia, de afiliados, o de redes publicitarias. Esta publicidad se muestra mediante servidores publicitarios que tambi\u00e9n utilizan cookies para mostrar contenidos publicitarios afines a los usuarios. Cada uno de estos servidores publicitarios dispone de su propia pol\u00edtica de privacidad, que puede ser consultada en sus propias p\u00e1ginas web.<\/p>\n\n\n\n<p>Al acceder a la web COLIN BUCHANAN CONSULTORES, S.A. le informamos que si sigues navegando se te instalar\u00e1n diversas cookies propias y de terceros correspondientes a las anal\u00edticas de la web (a modo de ejemplo: Google Analytics o herramientas similares) para ayudar al sitio web a analizar el uso que haces del sitio web y mejorar la usabilidad del mismo, pero en ning\u00fan caso se asocian a datos que pudieran llegar a identificarte. Los datos que guardan son de car\u00e1cter t\u00e9cnico, preferencias personales, personalizaci\u00f3n de contenidos, etc. El servidor web no te asocia como persona sino a su navegador web.<\/p>\n\n\n\n<p>Esta web se utiliza cookies propias y de terceros para conseguir que tengas una mejor experiencia de navegaci\u00f3n, puedas compartir contenido en redes sociales, dejar comentarios y para obtener estad\u00edsticas de nuestros usuarios.<\/p>\n\n\n\n<p>Como usuario, puede rechazar el tratamiento de los datos o la informaci\u00f3n bloqueando estas cookies mediante la configuraci\u00f3n apropiada de su navegador. Sin embargo, debe saber que, si lo hace, este sitio puede no funcionar adecuadamente.<\/p>\n\n\n\n<p>Por eso es importante que lea la presente pol\u00edtica de cookies y comprenda que si contin\u00faa navegando, consideramos que aceptas su uso. Puede cambiar la configuraci\u00f3n de su navegador para ser avisado de la recepci\u00f3n de cookies en su dispositivo o desactivar si lo desea la capacidad de almacenar dichas cookies en su dispositivo.<\/p>\n\n\t<\/div>\n\n<\/div>\n\n<\/div>\n","protected":false},"excerpt":{"rendered":"","protected":false},"author":1,"featured_media":0,"parent":0,"menu_order":0,"comment_status":"closed","ping_status":"closed","template":"page-templates\/content-full-width.php","meta":{"inline_featured_image":false,"footnotes":""},"class_list":["post-952","page","type-page","status-publish","hentry"],"yoast_head":"<!-- This site is optimized with the Yoast SEO plugin v19.7.2 - https:\/\/yoast.com\/wordpress\/plugins\/seo\/ -->\n<title>Cookies policy - Colin Buchanan Consultores<\/title>\n<meta name=\"robots\" content=\"index, follow, max-snippet:-1, max-image-preview:large, max-video-preview:-1\" \/>\n<link rel=\"canonical\" href=\"https:\/\/c-buchanan.com\/en\/cookies-policy\/\" \/>\n<meta property=\"og:locale\" content=\"en_US\" \/>\n<meta property=\"og:type\" content=\"article\" \/>\n<meta property=\"og:title\" content=\"Cookies policy - Colin Buchanan Consultores\" \/>\n<meta property=\"og:url\" content=\"https:\/\/c-buchanan.com\/en\/cookies-policy\/\" \/>\n<meta property=\"og:site_name\" content=\"Colin Buchanan Consultores\" \/>\n<meta property=\"article:modified_time\" content=\"2023-02-09T09:59:46+00:00\" \/>\n<meta name=\"twitter:card\" content=\"summary_large_image\" \/>\n<meta name=\"twitter:site\" content=\"@buchananconsult\" \/>\n<meta name=\"twitter:label1\" content=\"Est. reading time\" \/>\n\t<meta name=\"twitter:data1\" content=\"5 minutes\" \/>\n<script type=\"application\/ld+json\" class=\"yoast-schema-graph\">{\"@context\":\"https:\/\/schema.org\",\"@graph\":[{\"@type\":\"WebPage\",\"@id\":\"https:\/\/c-buchanan.com\/en\/cookies-policy\/\",\"url\":\"https:\/\/c-buchanan.com\/en\/cookies-policy\/\",\"name\":\"Cookies policy - Colin Buchanan Consultores\",\"isPartOf\":{\"@id\":\"https:\/\/c-buchanan.com\/en\/#website\"},\"datePublished\":\"2022-10-10T09:00:59+00:00\",\"dateModified\":\"2023-02-09T09:59:46+00:00\",\"breadcrumb\":{\"@id\":\"https:\/\/c-buchanan.com\/en\/cookies-policy\/#breadcrumb\"},\"inLanguage\":\"en-US\",\"potentialAction\":[{\"@type\":\"ReadAction\",\"target\":[\"https:\/\/c-buchanan.com\/en\/cookies-policy\/\"]}]},{\"@type\":\"BreadcrumbList\",\"@id\":\"https:\/\/c-buchanan.com\/en\/cookies-policy\/#breadcrumb\",\"itemListElement\":[{\"@type\":\"ListItem\",\"position\":1,\"name\":\"Portada\",\"item\":\"https:\/\/c-buchanan.com\/en\/\"},{\"@type\":\"ListItem\",\"position\":2,\"name\":\"Cookies policy\"}]},{\"@type\":\"WebSite\",\"@id\":\"https:\/\/c-buchanan.com\/en\/#website\",\"url\":\"https:\/\/c-buchanan.com\/en\/\",\"name\":\"Colin Buchanan Consultores\",\"description\":\"Movilidad centrada en las personas\",\"publisher\":{\"@id\":\"https:\/\/c-buchanan.com\/en\/#organization\"},\"potentialAction\":[{\"@type\":\"SearchAction\",\"target\":{\"@type\":\"EntryPoint\",\"urlTemplate\":\"https:\/\/c-buchanan.com\/en\/?s={search_term_string}\"},\"query-input\":\"required name=search_term_string\"}],\"inLanguage\":\"en-US\"},{\"@type\":\"Organization\",\"@id\":\"https:\/\/c-buchanan.com\/en\/#organization\",\"name\":\"Colin Buchanan Consultores\",\"url\":\"https:\/\/c-buchanan.com\/en\/\",\"sameAs\":[\"https:\/\/www.instagram.com\/buchananconsult\/\",\"https:\/\/www.linkedin.com\/company\/buchanan-consultores\/\",\"https:\/\/twitter.com\/buchananconsult\"],\"logo\":{\"@type\":\"ImageObject\",\"inLanguage\":\"en-US\",\"@id\":\"https:\/\/c-buchanan.com\/en\/#\/schema\/logo\/image\/\",\"url\":\"https:\/\/c-buchanan.com\/wp-content\/uploads\/2023\/02\/logo-buchanan.png\",\"contentUrl\":\"https:\/\/c-buchanan.com\/wp-content\/uploads\/2023\/02\/logo-buchanan.png\",\"width\":221,\"height\":46,\"caption\":\"Colin Buchanan Consultores\"},\"image\":{\"@id\":\"https:\/\/c-buchanan.com\/en\/#\/schema\/logo\/image\/\"}}]}<\/script>\n<!-- \/ Yoast SEO plugin. -->","yoast_head_json":{"title":"Cookies policy - Colin Buchanan Consultores","robots":{"index":"index","follow":"follow","max-snippet":"max-snippet:-1","max-image-preview":"max-image-preview:large","max-video-preview":"max-video-preview:-1"},"canonical":"https:\/\/c-buchanan.com\/en\/cookies-policy\/","og_locale":"en_US","og_type":"article","og_title":"Cookies policy - Colin Buchanan Consultores","og_url":"https:\/\/c-buchanan.com\/en\/cookies-policy\/","og_site_name":"Colin Buchanan Consultores","article_modified_time":"2023-02-09T09:59:46+00:00","twitter_card":"summary_large_image","twitter_site":"@buchananconsult","twitter_misc":{"Est. reading time":"5 minutes"},"schema":{"@context":"https:\/\/schema.org","@graph":[{"@type":"WebPage","@id":"https:\/\/c-buchanan.com\/en\/cookies-policy\/","url":"https:\/\/c-buchanan.com\/en\/cookies-policy\/","name":"Cookies policy - Colin Buchanan Consultores","isPartOf":{"@id":"https:\/\/c-buchanan.com\/en\/#website"},"datePublished":"2022-10-10T09:00:59+00:00","dateModified":"2023-02-09T09:59:46+00:00","breadcrumb":{"@id":"https:\/\/c-buchanan.com\/en\/cookies-policy\/#breadcrumb"},"inLanguage":"en-US","potentialAction":[{"@type":"ReadAction","target":["https:\/\/c-buchanan.com\/en\/cookies-policy\/"]}]},{"@type":"BreadcrumbList","@id":"https:\/\/c-buchanan.com\/en\/cookies-policy\/#breadcrumb","itemListElement":[{"@type":"ListItem","position":1,"name":"Portada","item":"https:\/\/c-buchanan.com\/en\/"},{"@type":"ListItem","position":2,"name":"Cookies policy"}]},{"@type":"WebSite","@id":"https:\/\/c-buchanan.com\/en\/#website","url":"https:\/\/c-buchanan.com\/en\/","name":"Colin Buchanan Consultores","description":"Movilidad centrada en las personas","publisher":{"@id":"https:\/\/c-buchanan.com\/en\/#organization"},"potentialAction":[{"@type":"SearchAction","target":{"@type":"EntryPoint","urlTemplate":"https:\/\/c-buchanan.com\/en\/?s={search_term_string}"},"query-input":"required name=search_term_string"}],"inLanguage":"en-US"},{"@type":"Organization","@id":"https:\/\/c-buchanan.com\/en\/#organization","name":"Colin Buchanan Consultores","url":"https:\/\/c-buchanan.com\/en\/","sameAs":["https:\/\/www.instagram.com\/buchananconsult\/","https:\/\/www.linkedin.com\/company\/buchanan-consultores\/","https:\/\/twitter.com\/buchananconsult"],"logo":{"@type":"ImageObject","inLanguage":"en-US","@id":"https:\/\/c-buchanan.com\/en\/#\/schema\/logo\/image\/","url":"https:\/\/c-buchanan.com\/wp-content\/uploads\/2023\/02\/logo-buchanan.png","contentUrl":"https:\/\/c-buchanan.com\/wp-content\/uploads\/2023\/02\/logo-buchanan.png","width":221,"height":46,"caption":"Colin Buchanan Consultores"},"image":{"@id":"https:\/\/c-buchanan.com\/en\/#\/schema\/logo\/image\/"}}]}},"_links":{"self":[{"href":"https:\/\/c-buchanan.com\/en\/wp-json\/wp\/v2\/pages\/952","targetHints":{"allow":["GET"]}}],"collection":[{"href":"https:\/\/c-buchanan.com\/en\/wp-json\/wp\/v2\/pages"}],"about":[{"href":"https:\/\/c-buchanan.com\/en\/wp-json\/wp\/v2\/types\/page"}],"author":[{"embeddable":true,"href":"https:\/\/c-buchanan.com\/en\/wp-json\/wp\/v2\/users\/1"}],"replies":[{"embeddable":true,"href":"https:\/\/c-buchanan.com\/en\/wp-json\/wp\/v2\/comments?post=952"}],"version-history":[{"count":5,"href":"https:\/\/c-buchanan.com\/en\/wp-json\/wp\/v2\/pages\/952\/revisions"}],"predecessor-version":[{"id":1056,"href":"https:\/\/c-buchanan.com\/en\/wp-json\/wp\/v2\/pages\/952\/revisions\/1056"}],"wp:attachment":[{"href":"https:\/\/c-buchanan.com\/en\/wp-json\/wp\/v2\/media?parent=952"}],"curies":[{"name":"wp","href":"https:\/\/api.w.org\/{rel}","templated":true}]}}